{"id":800,"date":"2018-08-31T16:05:43","date_gmt":"2018-08-31T19:05:43","guid":{"rendered":"https:\/\/isbayapari-sgo.infd.edu.ar\/sitio\/ubicacion\/"},"modified":"2026-04-25T15:16:56","modified_gmt":"2026-04-25T18:16:56","slug":"ubicacion","status":"publish","type":"page","link":"https:\/\/isbayapari-sgo.infd.edu.ar\/sitio\/ubicacion\/","title":{"rendered":"Ubicaci\u00f3n"},"content":{"rendered":"<p><a href=\"https:\/\/maps.app.goo.gl\/ur92QndAJnHom6BV6\">https:\/\/maps.app.goo.gl\/ur92QndAJnHom6BV6<\/a><iframe loading=\"lazy\" src=\"http:\/\/maps.google.com.ar\/?ie=UTF8&amp;ll=-27.781042,-64.268657&amp;spn=0.00169,0.003433&amp;t=h&amp;z=18&amp;output=embed\" width=\"425\" height=\"350\" frameborder=\"0\" marginwidth=\"0\" marginheight=\"0\" scrolling=\"no\"><\/iframe><br \/>\n<small><a style=\"color: #0000ff; text-align: left;\" href=\"http:\/\/maps.google.com.ar\/?ie=UTF8&amp;ll=-27.781042,-64.268657&amp;spn=0.00169,0.003433&amp;t=h&amp;z=18&amp;source=embed\">Ver mapa m\u00e1s grande<\/a><\/small><span style=\"font-size: 10pt;\">En esta p\u00e1gina pueden ir fotograf\u00edas del Instituto y un plano de ubicaci\u00f3n.<img decoding=\"async\" loading=\"lazy\" class=\"alignnone  wp-image-5250\" src=\"https:\/\/isbayapari-sgo.infd.edu.ar\/sitio\/wp-content\/uploads\/2026\/02\/Grafico1-828x1000.jpg\" alt=\"\" width=\"87\" height=\"105\" srcset=\"https:\/\/isbayapari-sgo.infd.edu.ar\/sitio\/wp-content\/uploads\/2026\/02\/Grafico1-828x1000.jpg 828w, https:\/\/isbayapari-sgo.infd.edu.ar\/sitio\/wp-content\/uploads\/2026\/02\/Grafico1-768x928.jpg 768w, https:\/\/isbayapari-sgo.infd.edu.ar\/sitio\/wp-content\/uploads\/2026\/02\/Grafico1.jpg 1162w\" sizes=\"(max-width: 87px) 100vw, 87px\" \/><\/span><\/p>\n","protected":false},"excerpt":{"rendered":"<p>https:\/\/maps.app.goo.gl\/ur92QndAJnHom6BV6 Ver mapa m\u00e1s grandeEn esta p\u00e1gina pueden ir fotograf\u00edas del Instituto y un plano de ubicaci\u00f3n.<\/p>\n","protected":false},"author":7,"featured_media":0,"parent":0,"menu_order":0,"comment_status":"closed","ping_status":"closed","template":"","meta":[],"acf":[],"_links":{"self":[{"href":"https:\/\/isbayapari-sgo.infd.edu.ar\/sitio\/wp-json\/wp\/v2\/pages\/800"}],"collection":[{"href":"https:\/\/isbayapari-sgo.infd.edu.ar\/sitio\/wp-json\/wp\/v2\/pages"}],"about":[{"href":"https:\/\/isbayapari-sgo.infd.edu.ar\/sitio\/wp-json\/wp\/v2\/types\/page"}],"author":[{"embeddable":true,"href":"https:\/\/isbayapari-sgo.infd.edu.ar\/sitio\/wp-json\/wp\/v2\/users\/7"}],"replies":[{"embeddable":true,"href":"https:\/\/isbayapari-sgo.infd.edu.ar\/sitio\/wp-json\/wp\/v2\/comments?post=800"}],"version-history":[{"count":2,"href":"https:\/\/isbayapari-sgo.infd.edu.ar\/sitio\/wp-json\/wp\/v2\/pages\/800\/revisions"}],"predecessor-version":[{"id":5263,"href":"https:\/\/isbayapari-sgo.infd.edu.ar\/sitio\/wp-json\/wp\/v2\/pages\/800\/revisions\/5263"}],"wp:attachment":[{"href":"https:\/\/isbayapari-sgo.infd.edu.ar\/sitio\/wp-json\/wp\/v2\/media?parent=800"}],"curies":[{"name":"wp","href":"https:\/\/api.w.org\/{rel}","templated":true}]}}